{"id":19,"date":"2017-11-15T13:35:33","date_gmt":"2017-11-15T13:35:33","guid":{"rendered":"https:\/\/urologie-pulheim.de\/?page_id=19"},"modified":"2024-06-06T13:48:41","modified_gmt":"2024-06-06T13:48:41","slug":"impressum","status":"publish","type":"page","link":"https:\/\/urologie-pulheim.de\/?page_id=19","title":{"rendered":"Impressum"},"content":{"rendered":"<div><span style=\"color: #3c3c3c; font-family: Lato, sans-serif;\"><b>Urologie Pulheim<\/b><\/span><br \/>\nDr. med. Markus H\u00fcppelsh\u00e4user<\/div>\n<div>Facharzt f\u00fcr Urologie<br \/>\n<span style=\"color: #3c3c3c; font-family: Lato, sans-serif;\">Am Sportzentrum 30<\/span><\/div>\n<div><span style=\"color: #3c3c3c; font-family: Lato, sans-serif;\">50259 Pulheim<\/span><\/div>\n<div><span style=\"color: #3c3c3c; font-family: Lato, sans-serif;\">Tel.: 02238-6887<\/span><\/div>\n<div><span style=\"color: #3c3c3c; font-family: Lato, sans-serif;\">Fax: 02238-301370<\/span><\/div>\n<div><span style=\"color: #3c3c3c; font-family: Lato, sans-serif;\">E-mail: kontakt@urologie-pulheim.de<\/span><\/div>\n<div><\/div>\n<div>\n<p>&nbsp;<\/p>\n<p><strong>Pflichtangaben gem\u00e4\u00df \u00a7 5 Digitale-Dienste-Gesetz (DDG)<\/strong><\/p>\n<p><strong>Zust\u00e4ndige \u00c4rztekammer:<\/strong><br \/>\n\u00c4rztekammer Nordrhein<br \/>\nTersteegenstr. 9<br \/>\n40474 D\u00fcsseldorf<\/p>\n<p><strong>Zust\u00e4ndige Kassen\u00e4rztliche Vereinigung:<\/strong><br \/>\nKassen\u00e4rztliche Vereinigung Nordrhein<br \/>\nTersteegenstra\u00dfe 9<br \/>\n40474 D\u00fcsseldorf<\/p>\n<p><strong>Berufsbezeichnung:<\/strong><br \/>\nArzt, verliehen in der Bundesrepublik Deutschland<\/p>\n<p>Die Berufsordnung f\u00fcr \u00c4rzte der \u00c4rztekammer Nordrhein finden Sie\u00a0<a href=\"https:\/\/www.aekno.de\/page.asp?pageID=57\" target=\"_blank\" rel=\"noopener\">\u00bb hier<br \/>\n<\/a>Das Heilberufsgesetz des Landes NRW finden Sie\u00a0<a href=\"http:\/\/www.aekno.de\/page.asp?pageID=5234\" target=\"_blank\" rel=\"noopener\">hier<\/a><\/p>\n<p><strong>Haftungshinweis<\/strong><\/p>\n<p>F\u00fcr den Inhalt verlinkter, externer Seiten sind ausschlie\u00dflich deren Betreiber verantwortlich.<\/p>\n<p>Inhaltlich Verantwortlicher: Dr. med. Markus H\u00fcppelsh\u00e4user<\/p>\n<\/div>\n","protected":false},"excerpt":{"rendered":"<p>Urologie Pulheim Dr. med. Markus H\u00fcppelsh\u00e4user Facharzt f\u00fcr Urologie Am Sportzentrum 30 50259 Pulheim Tel.: 02238-6887 Fax: 02238-301370 E-mail: kontakt@urologie-pulheim.de &nbsp; Pflichtangaben gem\u00e4\u00df \u00a7 5 Digitale-Dienste-Gesetz (DDG) Zust\u00e4ndige \u00c4rztekammer: \u00c4rztekammer Nordrhein Tersteegenstr. 9 40474 D\u00fcsseldorf Zust\u00e4ndige Kassen\u00e4rztliche Vereinigung: Kassen\u00e4rztliche Vereinigung Nordrhein Tersteegenstra\u00dfe 9 40474 D\u00fcsseldorf Berufsbezeichnung: Arzt, verliehen in der Bundesrepublik Deutschland Die Berufsordnung f\u00fcr &hellip; <\/p>\n<p class=\"link-more\"><a href=\"https:\/\/urologie-pulheim.de\/?page_id=19\" class=\"more-link\"><span class=\"screen-reader-text\">\u201eImpressum\u201c <\/span>weiterlesen<\/a><\/p>\n","protected":false},"author":1,"featured_media":0,"parent":12,"menu_order":1,"comment_status":"closed","ping_status":"closed","template":"","meta":{"footnotes":""},"class_list":["post-19","page","type-page","status-publish","hentry"],"_links":{"self":[{"href":"https:\/\/urologie-pulheim.de\/index.php?rest_route=\/wp\/v2\/pages\/19","targetHints":{"allow":["GET"]}}],"collection":[{"href":"https:\/\/urologie-pulheim.de\/index.php?rest_route=\/wp\/v2\/pages"}],"about":[{"href":"https:\/\/urologie-pulheim.de\/index.php?rest_route=\/wp\/v2\/types\/page"}],"author":[{"embeddable":true,"href":"https:\/\/urologie-pulheim.de\/index.php?rest_route=\/wp\/v2\/users\/1"}],"replies":[{"embeddable":true,"href":"https:\/\/urologie-pulheim.de\/index.php?rest_route=%2Fwp%2Fv2%2Fcomments&post=19"}],"version-history":[{"count":5,"href":"https:\/\/urologie-pulheim.de\/index.php?rest_route=\/wp\/v2\/pages\/19\/revisions"}],"predecessor-version":[{"id":63,"href":"https:\/\/urologie-pulheim.de\/index.php?rest_route=\/wp\/v2\/pages\/19\/revisions\/63"}],"up":[{"embeddable":true,"href":"https:\/\/urologie-pulheim.de\/index.php?rest_route=\/wp\/v2\/pages\/12"}],"wp:attachment":[{"href":"https:\/\/urologie-pulheim.de\/index.php?rest_route=%2Fwp%2Fv2%2Fmedia&parent=19"}],"curies":[{"name":"wp","href":"https:\/\/api.w.org\/{rel}","templated":true}]}}